{"id":648,"date":"2018-05-17T12:58:38","date_gmt":"2018-05-17T10:58:38","guid":{"rendered":"http:\/\/www.optiparking.com\/comingsoon\/portrait-de-la-societe\/"},"modified":"2020-12-24T22:49:29","modified_gmt":"2020-12-24T21:49:29","slug":"portrait-de-la-societe","status":"publish","type":"page","link":"https:\/\/www.vtec.ch\/fr\/portrait-de-la-societe\/","title":{"rendered":"Portrait de la soci\u00e9t\u00e9"},"content":{"rendered":"<div class=\"wpb-content-wrapper\"><p>[vc_row row_height_percent=&#8221;20&#8243; override_padding=&#8221;yes&#8221; h_padding=&#8221;2&#8243; top_padding=&#8221;2&#8243; bottom_padding=&#8221;2&#8243; back_image=&#8221;639&#8243; overlay_color=&#8221;color-wvjs&#8221; overlay_alpha=&#8221;65&#8243; gutter_size=&#8221;3&#8243; column_width_percent=&#8221;100&#8243; shift_y=&#8221;0&#8243; z_index=&#8221;0&#8243; shape_dividers=&#8221;&#8221;][vc_column column_width_percent=&#8221;100&#8243; position_vertical=&#8221;middle&#8221; gutter_size=&#8221;3&#8243; overlay_alpha=&#8221;50&#8243; shift_x=&#8221;0&#8243; shift_y=&#8221;0&#8243; shift_y_down=&#8221;0&#8243; z_index=&#8221;0&#8243; medium_width=&#8221;0&#8243; mobile_width=&#8221;0&#8243; width=&#8221;1\/1&#8243;][vc_custom_heading text_size=&#8221;fontsize-581486&#8243; text_color=&#8221;color-xsdn&#8221;]Portrait de la soci\u00e9t\u00e9[\/vc_custom_heading][\/vc_column][\/vc_row][vc_row unlock_row_content=&#8221;yes&#8221; row_height_percent=&#8221;0&#8243; override_padding=&#8221;yes&#8221; h_padding=&#8221;0&#8243; top_padding=&#8221;2&#8243; bottom_padding=&#8221;0&#8243; overlay_alpha=&#8221;50&#8243; gutter_size=&#8221;3&#8243; column_width_percent=&#8221;100&#8243; shift_y=&#8221;0&#8243; z_index=&#8221;0&#8243; shape_dividers=&#8221;&#8221;][vc_column width=&#8221;1\/1&#8243;][vc_separator sep_color=&#8221;color-uydo&#8221; el_height=&#8221;2px&#8221;][\/vc_column][\/vc_row][vc_row][vc_column column_width_percent=&#8221;100&#8243; position_vertical=&#8221;middle&#8221; align_horizontal=&#8221;align_center&#8221; gutter_size=&#8221;3&#8243; overlay_alpha=&#8221;50&#8243; shift_x=&#8221;0&#8243; shift_y=&#8221;0&#8243; shift_y_down=&#8221;0&#8243; z_index=&#8221;0&#8243; medium_width=&#8221;0&#8243; mobile_width=&#8221;0&#8243; width=&#8221;1\/2&#8243;][vc_column_text]<\/p>\n<h3 style=\"text-align: center;\">Vtec Electronics GmbH<br \/>\nSchenkstrasse 1<br \/>\nCH-3380 Wangen an der Aare<br \/>\nSwitzerland<\/h3>\n<p>[\/vc_column_text][\/vc_column][vc_column column_width_percent=&#8221;100&#8243; position_vertical=&#8221;middle&#8221; align_horizontal=&#8221;align_center&#8221; gutter_size=&#8221;3&#8243; overlay_alpha=&#8221;50&#8243; shift_x=&#8221;0&#8243; shift_y=&#8221;0&#8243; shift_y_down=&#8221;0&#8243; z_index=&#8221;0&#8243; medium_width=&#8221;0&#8243; mobile_width=&#8221;0&#8243; width=&#8221;1\/2&#8243;][vc_single_image media=&#8221;639&#8243; media_width_percent=&#8221;100&#8243;][\/vc_column][\/vc_row][vc_row][vc_column column_width_percent=&#8221;100&#8243; align_horizontal=&#8221;align_center&#8221; gutter_size=&#8221;3&#8243; overlay_alpha=&#8221;50&#8243; shift_x=&#8221;0&#8243; shift_y=&#8221;0&#8243; shift_y_down=&#8221;0&#8243; z_index=&#8221;0&#8243; medium_width=&#8221;0&#8243; mobile_width=&#8221;0&#8243; width=&#8221;1\/1&#8243;][vc_column_text]<\/p>\n<h2><strong>D\u00e9veloppement, production et distribution effectu\u00e9s chez Vtec !<\/strong><\/h2>\n<p>[\/vc_column_text][\/vc_column][\/vc_row][vc_row row_height_percent=&#8221;0&#8243; override_padding=&#8221;yes&#8221; h_padding=&#8221;2&#8243; top_padding=&#8221;3&#8243; bottom_padding=&#8221;0&#8243; overlay_alpha=&#8221;50&#8243; gutter_size=&#8221;3&#8243; column_width_percent=&#8221;100&#8243; shift_y=&#8221;0&#8243; z_index=&#8221;0&#8243; css=&#8221;.vc_custom_1526554252746{margin-bottom: 15px !important;}&#8221;][vc_column width=&#8221;1\/1&#8243;][vc_column_text]<strong>Vtec Electronics a \u00e9t\u00e9 fond\u00e9 en 2003 sur la base de la soci\u00e9t\u00e9 Vogel Elektronik<\/strong>[\/vc_column_text][\/vc_column][\/vc_row][vc_row row_height_percent=&#8221;0&#8243; override_padding=&#8221;yes&#8221; h_padding=&#8221;2&#8243; top_padding=&#8221;1&#8243; bottom_padding=&#8221;2&#8243; overlay_alpha=&#8221;50&#8243; gutter_size=&#8221;3&#8243; column_width_percent=&#8221;100&#8243; shift_y=&#8221;0&#8243; z_index=&#8221;0&#8243;][vc_column width=&#8221;1\/2&#8243;][vc_column_text]<strong>Activit\u00e9s :<\/strong><br \/>\nD\u00e9veloppement de syst\u00e8mes \u00e9lectroniques<br \/>\nCommerce de composants \u00e9lectroniques<\/p>\n<p><strong>Comp\u00e9tences particuli\u00e8res :<\/strong><br \/>\nD\u00e9veloppement et production de \u201cHuman Machine Interfaces\u201d[\/vc_column_text][\/vc_column][vc_column width=&#8221;1\/2&#8243;][vc_column_text]<strong>R\u00e9f\u00e9rences :<\/strong><br \/>\nABB<br \/>\nStadler Rail<br \/>\nCFF<br \/>\nSiemens<br \/>\nLa Poste Suisse[\/vc_column_text][\/vc_column][\/vc_row][vc_row row_height_percent=&#8221;0&#8243; override_padding=&#8221;yes&#8221; h_padding=&#8221;2&#8243; top_padding=&#8221;2&#8243; bottom_padding=&#8221;0&#8243; overlay_alpha=&#8221;50&#8243; gutter_size=&#8221;3&#8243; column_width_percent=&#8221;100&#8243; shift_y=&#8221;0&#8243; z_index=&#8221;0&#8243;][vc_column width=&#8221;1\/1&#8243;][vc_column_text]<strong>Politique d\u2019entreprise :<\/strong>[\/vc_column_text][\/vc_column][\/vc_row][vc_row][vc_column width=&#8221;1\/2&#8243;][vc_column_text]<\/p>\n<ul>\n<li>Satisfaction de tous les clients<\/li>\n<li>Croissance et r\u00e9ussite \u00e9conomique<\/li>\n<li>D\u00e9veloppement de nouveaux produits ax\u00e9s sur le march\u00e9<\/li>\n<li>Motivation et engagement des collaborateurs<\/li>\n<li>Am\u00e9lioration constante de la s\u00e9curit\u00e9<\/li>\n<li>Protection de la sant\u00e9 des collaborateurs<\/li>\n<li>Protection de la nature en minimisant l\u2019impact environnemental des produits et activit\u00e9s<\/li>\n<\/ul>\n<p>[\/vc_column_text][\/vc_column][vc_column width=&#8221;1\/2&#8243;][vc_column_text]<\/p>\n<ul>\n<li>Qualit\u00e9 : Pour atteindre toutes les exigences, voir les d\u00e9passer<\/li>\n<li>Innovation : Identifier et mettre en \u0153uvre les opportunit\u00e9s<\/li>\n<li>Synergie : Une collaboration efficace avec les fournisseurs, les sous-traitants et les entreprises partenaires<\/li>\n<li>Rentabilit\u00e9 : Contr\u00f4le des co\u00fbts permettant une position concurrentielle forte sur le march\u00e9<\/li>\n<li>Collaborateurs : La motivation et la performance de ces derniers sont li\u00e9es. Tous les employ\u00e9s sont impliqu\u00e9s dans les d\u00e9cisions de l\u2019entreprise<\/li>\n<\/ul>\n<p>[\/vc_column_text][\/vc_column][\/vc_row][vc_row unlock_row_content=&#8221;yes&#8221; row_height_percent=&#8221;0&#8243; override_padding=&#8221;yes&#8221; h_padding=&#8221;0&#8243; top_padding=&#8221;2&#8243; bottom_padding=&#8221;2&#8243; overlay_alpha=&#8221;50&#8243; gutter_size=&#8221;3&#8243; column_width_percent=&#8221;100&#8243; shift_y=&#8221;0&#8243; z_index=&#8221;0&#8243;][vc_column width=&#8221;1\/1&#8243;][vc_separator sep_color=&#8221;color-uydo&#8221; el_height=&#8221;2px&#8221;][\/vc_column][\/vc_row][vc_row row_height_percent=&#8221;0&#8243; overlay_alpha=&#8221;50&#8243; gutter_size=&#8221;3&#8243; column_width_percent=&#8221;100&#8243; shift_y=&#8221;0&#8243; z_index=&#8221;0&#8243; css=&#8221;.vc_custom_1524048821708{margin-top: -50px !important;}&#8221;][vc_column column_width_percent=&#8221;100&#8243; align_horizontal=&#8221;align_right&#8221; gutter_size=&#8221;3&#8243; overlay_alpha=&#8221;50&#8243; shift_x=&#8221;0&#8243; shift_y=&#8221;0&#8243; shift_y_down=&#8221;0&#8243; z_index=&#8221;0&#8243; align_medium=&#8221;align_center_tablet&#8221; medium_width=&#8221;0&#8243; align_mobile=&#8221;align_center_mobile&#8221; mobile_width=&#8221;0&#8243; width=&#8221;1\/1&#8243;][vc_column_text]<a href=\"http:\/\/www.vtec.ch\/en\/site-map\/\">Plan du site<\/a> | <a href=\"http:\/\/www.vtec.ch\/en\/legal-terms\/\">Conditions l\u00e9gales<\/a> | <a href=\"http:\/\/www.vtec.ch\/en\/general-terms-and-conditions-of-sale\/\">Conditions g\u00e9n\u00e9rales de vente<\/a>[\/vc_column_text][\/vc_column][\/vc_row]<\/p>\n<\/div>","protected":false},"excerpt":{"rendered":"<p>[vc_row row_height_percent=&#8221;20&#8243; override_padding=&#8221;yes&#8221; h_padding=&#8221;2&#8243; top_padding=&#8221;2&#8243; bottom_padding=&#8221;2&#8243; back_image=&#8221;639&#8243; overlay_color=&#8221;color-wvjs&#8221; overlay_alpha=&#8221;65&#8243; gutter_size=&#8221;3&#8243; column_width_percent=&#8221;100&#8243; shift_y=&#8221;0&#8243; z_index=&#8221;0&#8243; shape_dividers=&#8221;&#8221;][vc_column column_width_percent=&#8221;100&#8243; position_vertical=&#8221;middle&#8221; gutter_size=&#8221;3&#8243; overlay_alpha=&#8221;50&#8243; shift_x=&#8221;0&#8243; shift_y=&#8221;0&#8243; [&hellip;]<\/p>\n","protected":false},"author":1,"featured_media":576,"parent":0,"menu_order":100,"comment_status":"closed","ping_status":"closed","template":"","meta":{"footnotes":""},"class_list":["post-648","page","type-page","status-publish","has-post-thumbnail","hentry"],"_links":{"self":[{"href":"https:\/\/www.vtec.ch\/fr\/wp-json\/wp\/v2\/pages\/648","targetHints":{"allow":["GET"]}}],"collection":[{"href":"https:\/\/www.vtec.ch\/fr\/wp-json\/wp\/v2\/pages"}],"about":[{"href":"https:\/\/www.vtec.ch\/fr\/wp-json\/wp\/v2\/types\/page"}],"author":[{"embeddable":true,"href":"https:\/\/www.vtec.ch\/fr\/wp-json\/wp\/v2\/users\/1"}],"replies":[{"embeddable":true,"href":"https:\/\/www.vtec.ch\/fr\/wp-json\/wp\/v2\/comments?post=648"}],"version-history":[{"count":9,"href":"https:\/\/www.vtec.ch\/fr\/wp-json\/wp\/v2\/pages\/648\/revisions"}],"predecessor-version":[{"id":2543,"href":"https:\/\/www.vtec.ch\/fr\/wp-json\/wp\/v2\/pages\/648\/revisions\/2543"}],"wp:featuredmedia":[{"embeddable":true,"href":"https:\/\/www.vtec.ch\/fr\/wp-json\/wp\/v2\/media\/576"}],"wp:attachment":[{"href":"https:\/\/www.vtec.ch\/fr\/wp-json\/wp\/v2\/media?parent=648"}],"curies":[{"name":"wp","href":"https:\/\/api.w.org\/{rel}","templated":true}]}}