{"id":510,"date":"2018-05-14T22:00:49","date_gmt":"2018-05-14T20:00:49","guid":{"rendered":"http:\/\/www.optiparking.com\/comingsoon\/protocoles-et-configuration\/"},"modified":"2020-12-24T22:37:34","modified_gmt":"2020-12-24T21:37:34","slug":"protocoles-et-configuration","status":"publish","type":"page","link":"https:\/\/www.vtec.ch\/fr\/protocoles-et-configuration\/","title":{"rendered":"Protocoles et configuration"},"content":{"rendered":"<div class=\"wpb-content-wrapper\"><p>[vc_row row_height_percent=&#8221;20&#8243; override_padding=&#8221;yes&#8221; h_padding=&#8221;2&#8243; top_padding=&#8221;2&#8243; bottom_padding=&#8221;2&#8243; back_image=&#8221;43&#8243; overlay_color=&#8221;color-wvjs&#8221; overlay_alpha=&#8221;65&#8243; gutter_size=&#8221;3&#8243; column_width_percent=&#8221;100&#8243; shift_y=&#8221;0&#8243; z_index=&#8221;0&#8243; shape_dividers=&#8221;&#8221;][vc_column column_width_percent=&#8221;100&#8243; position_vertical=&#8221;middle&#8221; gutter_size=&#8221;3&#8243; overlay_alpha=&#8221;50&#8243; shift_x=&#8221;0&#8243; shift_y=&#8221;0&#8243; shift_y_down=&#8221;0&#8243; z_index=&#8221;0&#8243; medium_width=&#8221;0&#8243; mobile_width=&#8221;0&#8243; width=&#8221;1\/1&#8243;][vc_custom_heading text_size=&#8221;fontsize-581486&#8243; text_color=&#8221;color-xsdn&#8221;]Afficheurs-LED &#8211; Protocoles et configuration[\/vc_custom_heading][\/vc_column][\/vc_row][vc_row unlock_row_content=&#8221;yes&#8221; row_height_percent=&#8221;0&#8243; override_padding=&#8221;yes&#8221; h_padding=&#8221;0&#8243; top_padding=&#8221;2&#8243; bottom_padding=&#8221;0&#8243; overlay_alpha=&#8221;50&#8243; gutter_size=&#8221;3&#8243; column_width_percent=&#8221;100&#8243; shift_y=&#8221;0&#8243; z_index=&#8221;0&#8243; shape_dividers=&#8221;&#8221;][vc_column width=&#8221;1\/1&#8243;][vc_separator sep_color=&#8221;color-uydo&#8221; el_height=&#8221;2px&#8221;][\/vc_column][\/vc_row][vc_row unlock_row_content=&#8221;yes&#8221; row_height_percent=&#8221;0&#8243; override_padding=&#8221;yes&#8221; h_padding=&#8221;2&#8243; top_padding=&#8221;0&#8243; bottom_padding=&#8221;2&#8243; overlay_alpha=&#8221;50&#8243; gutter_size=&#8221;3&#8243; column_width_percent=&#8221;100&#8243; shift_y=&#8221;0&#8243; z_index=&#8221;0&#8243;][vc_column column_width_percent=&#8221;100&#8243; position_vertical=&#8221;middle&#8221; gutter_size=&#8221;3&#8243; overlay_alpha=&#8221;50&#8243; shift_x=&#8221;0&#8243; shift_y=&#8221;0&#8243; shift_y_down=&#8221;0&#8243; z_index=&#8221;0&#8243; medium_width=&#8221;0&#8243; mobile_width=&#8221;0&#8243; width=&#8221;1\/2&#8243;][vc_column_text]<strong>Tous les afficheurs sont compatibles avec les protocoles de fabricants d\u00e9sign\u00e9s ci-dessous :<\/strong>[\/vc_column_text][\/vc_column][vc_column column_width_percent=&#8221;100&#8243; position_vertical=&#8221;middle&#8221; gutter_size=&#8221;3&#8243; override_padding=&#8221;yes&#8221; column_padding=&#8221;0&#8243; overlay_alpha=&#8221;50&#8243; shift_x=&#8221;0&#8243; shift_y=&#8221;0&#8243; shift_y_down=&#8221;0&#8243; z_index=&#8221;0&#8243; medium_width=&#8221;0&#8243; mobile_width=&#8221;0&#8243; width=&#8221;1\/2&#8243;][vc_column_text]<strong>Diverses mani\u00e8res de configurer les afficheurs :<\/strong>[\/vc_column_text][\/vc_column][\/vc_row][vc_row unlock_row_content=&#8221;yes&#8221; row_height_percent=&#8221;0&#8243; override_padding=&#8221;yes&#8221; h_padding=&#8221;2&#8243; top_padding=&#8221;0&#8243; bottom_padding=&#8221;2&#8243; overlay_alpha=&#8221;50&#8243; gutter_size=&#8221;3&#8243; column_width_percent=&#8221;100&#8243; shift_y=&#8221;0&#8243; z_index=&#8221;0&#8243;][vc_column width=&#8221;1\/4&#8243;][vc_column_text]<\/p>\n<ul>\n<li>Agreto<\/li>\n<li>Avery \/ Berkel<\/li>\n<li>Averyweight-tonix<\/li>\n<li>Bilanciai<\/li>\n<li>Cardinal<\/li>\n<li>Digi<\/li>\n<li>Dini Argeo<\/li>\n<li>Dyona<\/li>\n<li>EHP<\/li>\n<li>EXA<\/li>\n<li>Flintab<\/li>\n<li>Flintec<\/li>\n<li>Fritz K\u00fcbler<\/li>\n<li>Gassner<\/li>\n<li>Girop\u00e8s<\/li>\n<li>GSE<\/li>\n<li>Haenni<\/li>\n<li>Laumas<\/li>\n<li>Leon Engineering<\/li>\n<\/ul>\n<p>[\/vc_column_text][vc_column_text]Protocoles suppl\u00e9mentaires sur demande[\/vc_column_text][\/vc_column][vc_column width=&#8221;1\/4&#8243;][vc_column_text]<\/p>\n<ul>\n<li>Masterk<\/li>\n<li>Mettler-Toledo<\/li>\n<li>Pfister<\/li>\n<li>Philips<\/li>\n<li>Precia Molen<\/li>\n<li>PTM<\/li>\n<li>Lahti Precision<\/li>\n<li>RHEWA<\/li>\n<li>Rice Lake<\/li>\n<li>Rinstrum<\/li>\n<li>Sartorius<\/li>\n<li>Scaime<\/li>\n<li>Schenk<\/li>\n<li>Systec<\/li>\n<li>Tamtron<\/li>\n<li>Thurman Scale<\/li>\n<li>Trayvou<\/li>\n<li>Vishay<\/li>\n<li>Welwaarts<\/li>\n<\/ul>\n<p>[\/vc_column_text][\/vc_column][vc_column width=&#8221;2\/4&#8243;][vc_single_image media=&#8221;239&#8243; media_width_percent=&#8221;70&#8243;][vc_column_text css=&#8221;.vc_custom_1525196241505{margin-top: -3px !important;}&#8221;]<strong><br \/>\nPar PC<\/strong><br \/>\nLes param\u00e8tres peuvent \u00eatre s\u00e9lectionn\u00e9s et envoy\u00e9s \u00e0 l\u2019afficheur via un port RS232.[\/vc_column_text][vc_single_image media=&#8221;238&#8243; media_width_percent=&#8221;100&#8243;][vc_column_text css=&#8221;.vc_custom_1525196247104{margin-top: -3px !important;}&#8221;]<strong><br \/>\nPer clavier<br \/>\n<\/strong>Directement sur l\u2019afficheur<\/p>\n<p><b>Les afficheurs peuvent \u00e9galement \u00eatre configur\u00e9s d\u2019usine selon les v\u0153ux\u00a0du client.<\/b>[\/vc_column_text][\/vc_column][\/vc_row][vc_row unlock_row_content=&#8221;yes&#8221; row_height_percent=&#8221;0&#8243; override_padding=&#8221;yes&#8221; h_padding=&#8221;0&#8243; top_padding=&#8221;2&#8243; bottom_padding=&#8221;2&#8243; overlay_alpha=&#8221;50&#8243; gutter_size=&#8221;3&#8243; column_width_percent=&#8221;100&#8243; shift_y=&#8221;0&#8243; z_index=&#8221;0&#8243;][vc_column width=&#8221;1\/1&#8243;][vc_separator sep_color=&#8221;color-uydo&#8221; el_height=&#8221;2px&#8221;][\/vc_column][\/vc_row][vc_row row_height_percent=&#8221;0&#8243; overlay_alpha=&#8221;50&#8243; gutter_size=&#8221;3&#8243; column_width_percent=&#8221;100&#8243; shift_y=&#8221;0&#8243; z_index=&#8221;0&#8243; css=&#8221;.vc_custom_1524048821708{margin-top: -50px !important;}&#8221;][vc_column column_width_percent=&#8221;100&#8243; align_horizontal=&#8221;align_right&#8221; gutter_size=&#8221;3&#8243; overlay_alpha=&#8221;50&#8243; shift_x=&#8221;0&#8243; shift_y=&#8221;0&#8243; shift_y_down=&#8221;0&#8243; z_index=&#8221;0&#8243; align_medium=&#8221;align_center_tablet&#8221; medium_width=&#8221;0&#8243; align_mobile=&#8221;align_center_mobile&#8221; mobile_width=&#8221;0&#8243; width=&#8221;1\/1&#8243;][vc_column_text]<a href=\"http:\/\/www.vtec.ch\/en\/site-map\/\">Plan du site<\/a> | <a href=\"http:\/\/www.vtec.ch\/en\/legal-terms\/\">Conditions l\u00e9gales<\/a> | <a href=\"http:\/\/www.vtec.ch\/en\/general-terms-and-conditions-of-sale\/\">Conditions g\u00e9n\u00e9rales de vente<\/a>[\/vc_column_text][\/vc_column][\/vc_row]<\/p>\n<\/div>","protected":false},"excerpt":{"rendered":"<p>[vc_row row_height_percent=&#8221;20&#8243; override_padding=&#8221;yes&#8221; h_padding=&#8221;2&#8243; top_padding=&#8221;2&#8243; bottom_padding=&#8221;2&#8243; back_image=&#8221;43&#8243; overlay_color=&#8221;color-wvjs&#8221; overlay_alpha=&#8221;65&#8243; gutter_size=&#8221;3&#8243; column_width_percent=&#8221;100&#8243; shift_y=&#8221;0&#8243; z_index=&#8221;0&#8243; shape_dividers=&#8221;&#8221;][vc_column column_width_percent=&#8221;100&#8243; position_vertical=&#8221;middle&#8221; gutter_size=&#8221;3&#8243; overlay_alpha=&#8221;50&#8243; shift_x=&#8221;0&#8243; shift_y=&#8221;0&#8243; [&hellip;]<\/p>\n","protected":false},"author":1,"featured_media":2372,"parent":0,"menu_order":80,"comment_status":"closed","ping_status":"closed","template":"","meta":{"footnotes":""},"class_list":["post-510","page","type-page","status-publish","has-post-thumbnail","hentry"],"_links":{"self":[{"href":"https:\/\/www.vtec.ch\/fr\/wp-json\/wp\/v2\/pages\/510","targetHints":{"allow":["GET"]}}],"collection":[{"href":"https:\/\/www.vtec.ch\/fr\/wp-json\/wp\/v2\/pages"}],"about":[{"href":"https:\/\/www.vtec.ch\/fr\/wp-json\/wp\/v2\/types\/page"}],"author":[{"embeddable":true,"href":"https:\/\/www.vtec.ch\/fr\/wp-json\/wp\/v2\/users\/1"}],"replies":[{"embeddable":true,"href":"https:\/\/www.vtec.ch\/fr\/wp-json\/wp\/v2\/comments?post=510"}],"version-history":[{"count":8,"href":"https:\/\/www.vtec.ch\/fr\/wp-json\/wp\/v2\/pages\/510\/revisions"}],"predecessor-version":[{"id":2517,"href":"https:\/\/www.vtec.ch\/fr\/wp-json\/wp\/v2\/pages\/510\/revisions\/2517"}],"wp:featuredmedia":[{"embeddable":true,"href":"https:\/\/www.vtec.ch\/fr\/wp-json\/wp\/v2\/media\/2372"}],"wp:attachment":[{"href":"https:\/\/www.vtec.ch\/fr\/wp-json\/wp\/v2\/media?parent=510"}],"curies":[{"name":"wp","href":"https:\/\/api.w.org\/{rel}","templated":true}]}}