{"id":3266,"date":"2025-02-24T14:33:07","date_gmt":"2025-02-24T13:33:07","guid":{"rendered":"https:\/\/www.vtec.ch\/developpement-electronique-2\/"},"modified":"2025-02-24T14:38:58","modified_gmt":"2025-02-24T13:38:58","slug":"developpement-electronique-2","status":"publish","type":"page","link":"https:\/\/www.vtec.ch\/fr\/developpement-electronique-2\/","title":{"rendered":"D\u00e9veloppement \u00e9lectronique"},"content":{"rendered":"<div class=\"wpb-content-wrapper\"><p>[vc_row row_height_percent=&#8221;20&#8243; override_padding=&#8221;yes&#8221; h_padding=&#8221;2&#8243; top_padding=&#8221;2&#8243; bottom_padding=&#8221;2&#8243; back_image=&#8221;1113&#8243; overlay_color=&#8221;color-wvjs&#8221; overlay_alpha=&#8221;65&#8243; gutter_size=&#8221;3&#8243; column_width_percent=&#8221;100&#8243; shift_y=&#8221;0&#8243; z_index=&#8221;0&#8243;][vc_column column_width_percent=&#8221;100&#8243; position_vertical=&#8221;middle&#8221; gutter_size=&#8221;3&#8243; overlay_alpha=&#8221;50&#8243; shift_x=&#8221;0&#8243; shift_y=&#8221;0&#8243; shift_y_down=&#8221;0&#8243; z_index=&#8221;0&#8243; medium_width=&#8221;0&#8243; mobile_width=&#8221;0&#8243; width=&#8221;1\/1&#8243;][vc_custom_heading text_color=&#8221;color-xsdn&#8221; text_size=&#8221;fontsize-581486&#8243;]D\u00e9veloppement \u00e9lectronique[\/vc_custom_heading][\/vc_column][\/vc_row][vc_row][vc_column width=&#8221;1\/2&#8243;][vc_custom_heading uncode_shortcode_id=&#8221;949065&#8243;]Nous sommes un partenaire pour le d\u00e9veloppement \u00e9lectronique de solutions d&#8217;affichage.[\/vc_custom_heading][vc_column_text uncode_shortcode_id=&#8221;196896&#8243;]Chez Vtec, nous proposons un d\u00e9veloppement \u00e9lectronique personnalis\u00e9 pour les \u00e9crans alphanum\u00e9riques ou graphiques. Nous disposons d&#8217;un grand savoir-faire en affichage industriel avec des matrices de LED.[\/vc_column_text][\/vc_column][vc_column column_width_percent=&#8221;100&#8243; gutter_size=&#8221;3&#8243; overlay_alpha=&#8221;50&#8243; shift_x=&#8221;0&#8243; shift_y=&#8221;0&#8243; shift_y_down=&#8221;0&#8243; z_index=&#8221;0&#8243; medium_width=&#8221;0&#8243; mobile_width=&#8221;0&#8243; width=&#8221;1\/2&#8243; uncode_shortcode_id=&#8221;153707&#8243;][vc_single_image media=&#8221;2632&#8243; media_width_percent=&#8221;60&#8243; alignment=&#8221;center&#8221; uncode_shortcode_id=&#8221;639743&#8243;][\/vc_column][\/vc_row][vc_row][vc_column width=&#8221;1\/3&#8243;][vc_single_image media=&#8221;3242&#8243; media_width_percent=&#8221;60&#8243; alignment=&#8221;center&#8221; shape=&#8221;img-circle&#8221; uncode_shortcode_id=&#8221;187773&#8243;][vc_column_text uncode_shortcode_id=&#8221;113096&#8243; css=&#8221;.vc_custom_1740402694521{margin-top: 10px !important;}&#8221;]<\/p>\n<p style=\"text-align: center;\">LED<\/p>\n<p>[\/vc_column_text][\/vc_column][vc_column width=&#8221;1\/3&#8243;][vc_single_image media=&#8221;3245&#8243; media_width_percent=&#8221;60&#8243; alignment=&#8221;center&#8221; shape=&#8221;img-circle&#8221; uncode_shortcode_id=&#8221;143854&#8243;][vc_column_text uncode_shortcode_id=&#8221;187641&#8243; css=&#8221;.vc_custom_1740402708704{margin-top: 10px !important;}&#8221;]<\/p>\n<p style=\"text-align: center;\">LCD<\/p>\n<p>[\/vc_column_text][\/vc_column][vc_column width=&#8221;1\/3&#8243;][vc_single_image media=&#8221;3229&#8243; media_width_percent=&#8221;60&#8243; alignment=&#8221;center&#8221; shape=&#8221;img-circle&#8221; uncode_shortcode_id=&#8221;694947&#8243;][vc_column_text uncode_shortcode_id=&#8221;136743&#8243; css=&#8221;.vc_custom_1740403715859{margin-top: 10px !important;}&#8221;]<\/p>\n<p style=\"text-align: center;\">Tableaux \u00e0 palettes<\/p>\n<p>[\/vc_column_text][\/vc_column][\/vc_row][vc_row][vc_column width=&#8221;1\/1&#8243;][vc_separator sep_color=&#8221;,Default&#8221;][\/vc_column][\/vc_row][vc_row row_height_percent=&#8221;0&#8243; overlay_alpha=&#8221;50&#8243; gutter_size=&#8221;3&#8243; column_width_percent=&#8221;100&#8243; shift_y=&#8221;0&#8243; z_index=&#8221;0&#8243; css=&#8221;.vc_custom_1524048821708{margin-top: -50px !important;}&#8221;][vc_column column_width_percent=&#8221;100&#8243; align_horizontal=&#8221;align_right&#8221; gutter_size=&#8221;3&#8243; overlay_alpha=&#8221;50&#8243; shift_x=&#8221;0&#8243; shift_y=&#8221;0&#8243; shift_y_down=&#8221;0&#8243; z_index=&#8221;0&#8243; align_medium=&#8221;align_center_tablet&#8221; medium_width=&#8221;0&#8243; align_mobile=&#8221;align_center_mobile&#8221; mobile_width=&#8221;0&#8243; width=&#8221;1\/1&#8243;][vc_column_text]<span style=\"font-size: 12px;\"><a href=\"\/comingsoon?page_id=769\">Plan du site<\/a> | <a href=\"\/comingsoon?page_id=778\">Conditions l\u00e9gales<\/a> | <a href=\"\/comingsoon?page_id=780\">Conditions g\u00e9n\u00e9rales de vente<\/a><\/span>[\/vc_column_text][\/vc_column][\/vc_row]<\/p>\n<\/div>","protected":false},"excerpt":{"rendered":"<p>[vc_row row_height_percent=&#8221;20&#8243; override_padding=&#8221;yes&#8221; h_padding=&#8221;2&#8243; top_padding=&#8221;2&#8243; bottom_padding=&#8221;2&#8243; back_image=&#8221;1113&#8243; overlay_color=&#8221;color-wvjs&#8221; overlay_alpha=&#8221;65&#8243; gutter_size=&#8221;3&#8243; column_width_percent=&#8221;100&#8243; shift_y=&#8221;0&#8243; z_index=&#8221;0&#8243;][vc_column column_width_percent=&#8221;100&#8243; position_vertical=&#8221;middle&#8221; gutter_size=&#8221;3&#8243; overlay_alpha=&#8221;50&#8243; shift_x=&#8221;0&#8243; shift_y=&#8221;0&#8243; shift_y_down=&#8221;0&#8243; [&hellip;]<\/p>\n","protected":false},"author":4,"featured_media":1377,"parent":0,"menu_order":70,"comment_status":"closed","ping_status":"closed","template":"","meta":{"footnotes":""},"class_list":["post-3266","page","type-page","status-publish","has-post-thumbnail","hentry"],"_links":{"self":[{"href":"https:\/\/www.vtec.ch\/fr\/wp-json\/wp\/v2\/pages\/3266","targetHints":{"allow":["GET"]}}],"collection":[{"href":"https:\/\/www.vtec.ch\/fr\/wp-json\/wp\/v2\/pages"}],"about":[{"href":"https:\/\/www.vtec.ch\/fr\/wp-json\/wp\/v2\/types\/page"}],"author":[{"embeddable":true,"href":"https:\/\/www.vtec.ch\/fr\/wp-json\/wp\/v2\/users\/4"}],"replies":[{"embeddable":true,"href":"https:\/\/www.vtec.ch\/fr\/wp-json\/wp\/v2\/comments?post=3266"}],"version-history":[{"count":4,"href":"https:\/\/www.vtec.ch\/fr\/wp-json\/wp\/v2\/pages\/3266\/revisions"}],"predecessor-version":[{"id":3275,"href":"https:\/\/www.vtec.ch\/fr\/wp-json\/wp\/v2\/pages\/3266\/revisions\/3275"}],"wp:featuredmedia":[{"embeddable":true,"href":"https:\/\/www.vtec.ch\/fr\/wp-json\/wp\/v2\/media\/1377"}],"wp:attachment":[{"href":"https:\/\/www.vtec.ch\/fr\/wp-json\/wp\/v2\/media?parent=3266"}],"curies":[{"name":"wp","href":"https:\/\/api.w.org\/{rel}","templated":true}]}}